{"id":243680,"date":"2020-07-24T14:28:22","date_gmt":"2020-07-24T14:28:22","guid":{"rendered":"http:\/\/www.bedandbreakfastdecley.nl\/bbnl\/kontakt\/"},"modified":"2020-07-27T09:43:50","modified_gmt":"2020-07-27T09:43:50","slug":"kontakt","status":"publish","type":"page","link":"http:\/\/www.bedandbreakfastdecley.nl\/bbnl\/de\/kontakt\/","title":{"rendered":"Kontakt"},"content":{"rendered":"<p>[et_pb_section fb_built=&#8220;1&#8243; _builder_version=&#8220;4.4.8&#8243; background_color=&#8220;#383838&#8243; use_background_color_gradient=&#8220;on&#8220; background_color_gradient_start=&#8220;rgba(51,51,51,0.61)&#8220; background_color_gradient_end=&#8220;rgba(51,51,51,0)&#8220; background_color_gradient_direction=&#8220;90deg&#8220; background_color_gradient_overlays_image=&#8220;on&#8220; background_image=&#8220;http:\/\/www.bedandbreakfastdecley.nl\/bbnl\/wp-content\/uploads\/2020\/06\/bed-breakfast-de-cley-voorkant.jpg&#8220; background_position=&#8220;center_right&#8220; custom_padding=&#8220;0px|0px|20px|0px|false|false&#8220;][et_pb_row _builder_version=&#8220;3.25&#8243; custom_padding=&#8220;144px|0px|5px|0px|false|false&#8220;][et_pb_column type=&#8220;4_4&#8243; _builder_version=&#8220;3.25&#8243; custom_padding=&#8220;|||&#8220; custom_padding__hover=&#8220;|||&#8220;][et_pb_text _builder_version=&#8220;4.4.8&#8243; _dynamic_attributes=&#8220;content&#8220; text_font=&#8220;||||||||&#8220; header_font=&#8220;Raleway|700|||||||&#8220; header_text_color=&#8220;#ffffff&#8220; header_font_size=&#8220;80px&#8220; header_line_height=&#8220;1.2em&#8220; header_5_font=&#8220;Raleway|700||on|||||&#8220; header_5_text_color=&#8220;#c2b280&#8243; header_5_font_size=&#8220;20px&#8220; header_5_letter_spacing=&#8220;0.5em&#8220; header_5_line_height=&#8220;1.8em&#8220; custom_margin=&#8220;||0px||false|false&#8220; custom_padding=&#8220;||259px|||&#8220; animation_style=&#8220;zoom&#8220; animation_intensity_zoom=&#8220;5%&#8220; header_font_size_tablet=&#8220;48px&#8220; header_font_size_phone=&#8220;32px&#8220; header_font_size_last_edited=&#8220;on|phone&#8220; header_5_font_size_tablet=&#8220;14px&#8220; header_5_font_size_phone=&#8220;12px&#8220; header_5_font_size_last_edited=&#8220;on|desktop&#8220;]@ET-DC@eyJkeW5hbWljIjp0cnVlLCJjb250ZW50IjoicG9zdF90aXRsZSIsInNldHRpbmdzIjp7ImJlZm9yZSI6IjxoMT4iLCJhZnRlciI6IjwvaDE+In19@[\/et_pb_text][\/et_pb_column][\/et_pb_row][\/et_pb_section][et_pb_section fb_built=&#8220;1&#8243; _builder_version=&#8220;4.4.8&#8243;][et_pb_row column_structure=&#8220;1_3,1_3,1_3&#8243; use_custom_gutter=&#8220;on&#8220; gutter_width=&#8220;2&#8243; _builder_version=&#8220;3.25&#8243; custom_padding=&#8220;|0px||0px|false|false&#8220;][et_pb_column type=&#8220;1_3&#8243; _builder_version=&#8220;3.25&#8243; custom_padding=&#8220;|||&#8220; custom_padding__hover=&#8220;|||&#8220;][et_pb_blurb title=&#8220;Adresse&#8220; use_icon=&#8220;on&#8220; font_icon=&#8220;%%121%%&#8220; icon_placement=&#8220;left&#8220; content_max_width=&#8220;100%&#8220; _builder_version=&#8220;4.4.8&#8243; header_font=&#8220;|600|||||||&#8220; header_text_color=&#8220;#333333&#8243; header_font_size=&#8220;20px&#8220; header_line_height=&#8220;1.2em&#8220; body_text_color=&#8220;#000000&#8243; body_line_height=&#8220;1.8em&#8220; body_link_text_color=&#8220;#333333&#8243; background_color=&#8220;#f7f7f7&#8243; custom_padding=&#8220;33px|25px|30px|25px|false|true&#8220; animation=&#8220;off&#8220; border_width_top_image=&#8220;3px&#8220; border_color_top_image=&#8220;rgba(0,0,0,0)&#8220;]<a href=\"https:\/\/goo.gl\/maps\/erw5DsxUT19wb8F56\"><span>Menakkerweg 6, Noordwijk<\/span><\/a>[\/et_pb_blurb][\/et_pb_column][et_pb_column type=&#8220;1_3&#8243; _builder_version=&#8220;3.25&#8243; custom_padding=&#8220;|||&#8220; custom_padding__hover=&#8220;|||&#8220;][et_pb_blurb title=&#8220;Telefonnummer&#8220; use_icon=&#8220;on&#8220; font_icon=&#8220;%%264%%&#8220; icon_placement=&#8220;left&#8220; content_max_width=&#8220;100%&#8220; _builder_version=&#8220;4.4.8&#8243; header_font=&#8220;|600|||||||&#8220; header_text_color=&#8220;#333333&#8243; header_font_size=&#8220;20px&#8220; header_line_height=&#8220;1.2em&#8220; body_text_color=&#8220;#000000&#8243; body_line_height=&#8220;1.8em&#8220; body_link_text_color=&#8220;#333333&#8243; background_color=&#8220;#f7f7f7&#8243; custom_padding=&#8220;33px|25px|30px|25px|false|true&#8220; animation=&#8220;off&#8220; border_width_top_image=&#8220;3px&#8220; border_color_top_image=&#8220;rgba(0,0,0,0)&#8220;]<a href=\"tel:+31628233888\">+31 (0)6 28 23 38 88<\/a>[\/et_pb_blurb][\/et_pb_column][et_pb_column type=&#8220;1_3&#8243; _builder_version=&#8220;3.25&#8243; custom_padding=&#8220;|||&#8220; custom_padding__hover=&#8220;|||&#8220;][et_pb_blurb title=&#8220;E-Mail&#8220; use_icon=&#8220;on&#8220; font_icon=&#8220;%%109%%&#8220; icon_placement=&#8220;left&#8220; content_max_width=&#8220;100%&#8220; _builder_version=&#8220;4.4.8&#8243; header_font=&#8220;|600|||||||&#8220; header_text_color=&#8220;#333333&#8243; header_font_size=&#8220;20px&#8220; header_line_height=&#8220;1.2em&#8220; body_text_color=&#8220;#000000&#8243; body_line_height=&#8220;1.8em&#8220; body_link_text_color=&#8220;#333333&#8243; background_color=&#8220;#f7f7f7&#8243; custom_padding=&#8220;33px|25px|30px|25px|false|true&#8220; animation=&#8220;off&#8220; border_width_top_image=&#8220;3px&#8220; border_color_top_image=&#8220;rgba(0,0,0,0)&#8220;]<\/p>\n<p><a href=\"mailto:info@bedandbreakfastdecley.nl\">info@bedandbreakfastdecley.nl<\/a><\/p>\n<p>[\/et_pb_blurb][\/et_pb_column][\/et_pb_row][\/et_pb_section][et_pb_section fb_built=&#8220;1&#8243; _builder_version=&#8220;4.0.6&#8243; custom_padding=&#8220;||1px|||&#8220;][et_pb_row _builder_version=&#8220;4.0.6&#8243;][et_pb_column type=&#8220;4_4&#8243; _builder_version=&#8220;4.0.6&#8243;][et_pb_code _builder_version=&#8220;4.0.6&#8243;]<iframe src=\"https:\/\/www.google.com\/maps\/embed?pb=!1m18!1m12!1m3!1d19558.47333531921!2d4.427058640866211!3d52.210515333716145!2m3!1f0!2f0!3f0!3m2!1i1024!2i768!4f13.1!3m3!1m2!1s0x47c5c103f5260041%3A0x9d6eb6b4d7c09984!2sB%26B%20de%20Cley!5e0!3m2!1snl!2snl!4v1574096348013!5m2!1snl!2snl\" width=\"100%\" height=\"450\" frameborder=\"0\" style=\"border:0\" allowfullscreen=\"\"><\/iframe>[\/et_pb_code][\/et_pb_column][\/et_pb_row][\/et_pb_section][et_pb_section fb_built=&#8220;1&#8243; _builder_version=&#8220;4.4.8&#8243;][et_pb_row column_structure=&#8220;1_2,1_2&#8243; _builder_version=&#8220;4.4.8&#8243;][et_pb_column type=&#8220;1_2&#8243; _builder_version=&#8220;4.4.8&#8243;][et_pb_image src=&#8220;http:\/\/www.bedandbreakfastdecley.nl\/bbnl\/wp-content\/uploads\/2020\/07\/uw-host-liesbeth-150&#215;150.jpeg&#8220; title_text=&#8220;gastgeberin-liesbeth&#8220; disabled_on=&#8220;off|off|off&#8220; _builder_version=&#8220;4.4.8&#8243; module_alignment=&#8220;center&#8220; border_radii=&#8220;on|100%|100%|100%|100%&#8220; always_center_on_mobile=&#8220;off&#8220; locked=&#8220;off&#8220;][\/et_pb_image][et_pb_text _builder_version=&#8220;4.4.8&#8243; text_font=&#8220;||||||||&#8220; text_line_height=&#8220;2em&#8220; header_font=&#8220;||||||||&#8220; header_2_font=&#8220;Raleway|700|||||||&#8220; header_2_font_size=&#8220;50px&#8220; header_2_line_height=&#8220;1.2em&#8220; max_width=&#8220;500px&#8220; module_alignment=&#8220;left&#8220; header_2_font_size_tablet=&#8220;35px&#8220; header_2_font_size_phone=&#8220;25px&#8220; header_2_font_size_last_edited=&#8220;on|phone&#8220; locked=&#8220;off&#8220;]<\/p>\n<h6>Ihre Gastgeberin Liesbeth<\/h6>\n<p>Ich wohne zusammen mit meinem Mann, den Kindern und unseren Hunden zwischen den Blumenfeldern von Noordwijk.<br \/> Ein langgehegter Traum wurde Wirklichkeit, als wir 2018 dieses Anwesen mit einer gro\u00dfen Scheune kauften, die wir zum Bed &amp; Breakfast umgebaut haben. Rund anderthalb Jahre haben wir zun\u00e4chst das Bed &amp; Breakfast und anschlie\u00dfend das Wohnhaus umgebaut.<br \/> Wir sind \u00fcbergl\u00fccklich mit dem Ergebnis unserer Arbeit und sehr stolz auf alle, die uns dabei geholfen haben.<\/p>\n<p>[\/et_pb_text][\/et_pb_column][et_pb_column type=&#8220;1_2&#8243; _builder_version=&#8220;4.4.8&#8243;][et_pb_text module_class=&#8220;style-1-form&#8220; _builder_version=&#8220;4.4.8&#8243;]<div class=\"caldera-grid\" id=\"caldera_form_1\" data-cf-ver=\"1.9.4\" data-cf-form-id=\"CF5f086a30f0fdc\"><div id=\"caldera_notices_1\" data-spinner=\"http:\/\/www.bedandbreakfastdecley.nl\/bbnl\/wp-admin\/images\/spinner.gif\"><\/div><form data-instance=\"1\" class=\"CF5f086a30f0fdc caldera_forms_form cfajax-trigger\" method=\"POST\" enctype=\"multipart\/form-data\" id=\"CF5f086a30f0fdc_1\" data-form-id=\"CF5f086a30f0fdc\" aria-label=\"Contactpagina\" data-target=\"#caldera_notices_1\" data-template=\"#cfajax_CF5f086a30f0fdc-tmpl\" data-cfajax=\"CF5f086a30f0fdc\" data-load-element=\"_parent\" data-load-class=\"cf_processing\" data-post-disable=\"0\" data-action=\"cf_process_ajax_submit\" data-request=\"http:\/\/www.bedandbreakfastdecley.nl\/bbnl\/de\/\/cf-api\/CF5f086a30f0fdc\" data-hiderows=\"true\">\r\n<input type=\"hidden\" id=\"_cf_verify_CF5f086a30f0fdc\" name=\"_cf_verify\" value=\"85a69393a3\"  data-nonce-time=\"1777396923\" \/><input type=\"hidden\" name=\"_wp_http_referer\" value=\"\/bbnl\/de\/wp-json\/wp\/v2\/pages\/243680\" \/><div id=\"cf2-CF5f086a30f0fdc_1\"><\/div><input type=\"hidden\" name=\"_cf_frm_id\" value=\"CF5f086a30f0fdc\">\r\n<input type=\"hidden\" name=\"_cf_frm_ct\" value=\"1\">\r\n<input type=\"hidden\" name=\"cfajax\" value=\"CF5f086a30f0fdc\">\r\n<input type=\"hidden\" name=\"_cf_cr_pst\" value=\"243680\">\r\n<div class=\"hide\" style=\"display:none; overflow:hidden;height:0;width:0;\">\r\n<label>E-Mail<\/label><input type=\"text\" name=\"email\" value=\"\" autocomplete=\"off\">\r\n<\/div><div id=\"CF5f086a30f0fdc_1-row-1\"  class=\"row  first_row\"><div  class=\"col-sm-12  single\"><div class=\"\"><h2>Je gegevens<\/h2>\n<p>Vertel ons hoe we contact met u kunnen opnemen.<\/p>\n<hr>\n<\/div><\/div><\/div><div id=\"CF5f086a30f0fdc_1-row-2\"  class=\"row \"><div  class=\"col-sm-6  first_col\"><div data-field-wrapper=\"fld_8768091\" class=\"form-group\" id=\"fld_8768091_1-wrap\">\r\n\t<label id=\"fld_8768091Label\" for=\"fld_8768091_1\" class=\"control-label screen-reader-text sr-only\">Voornaam<\/label>\r\n\t<div class=\"\">\r\n\t\t<input placeholder=\"Voornaam\"  required type=\"text\" data-field=\"fld_8768091\" class=\" form-control\" id=\"fld_8768091_1\" name=\"fld_8768091\" value=\"\" data-type=\"text\" aria-required=\"true\"   aria-labelledby=\"fld_8768091Label\" aria-describedby=\"fld_8768091Caption\" >\t\t<span id=\"fld_8768091Caption\" class=\"help-block\">Voornaam<\/span>\r\n\t<\/div>\r\n<\/div>\r\n<\/div><div  class=\"col-sm-6  last_col\"><div data-field-wrapper=\"fld_9970286\" class=\"form-group\" id=\"fld_9970286_1-wrap\">\r\n\t<label id=\"fld_9970286Label\" for=\"fld_9970286_1\" class=\"control-label screen-reader-text sr-only\">Achternaam<\/label>\r\n\t<div class=\"\">\r\n\t\t<input placeholder=\"Achternaam\"  required type=\"text\" data-field=\"fld_9970286\" class=\" form-control\" id=\"fld_9970286_1\" name=\"fld_9970286\" value=\"\" data-type=\"text\" aria-required=\"true\"   aria-labelledby=\"fld_9970286Label\" aria-describedby=\"fld_9970286Caption\" >\t\t<span id=\"fld_9970286Caption\" class=\"help-block\">Achternaam<\/span>\r\n\t<\/div>\r\n<\/div>\r\n<\/div><\/div><div id=\"CF5f086a30f0fdc_1-row-3\"  class=\"row \"><div  class=\"col-sm-6  first_col\"><div data-field-wrapper=\"fld_6009157\" class=\"form-group\" id=\"fld_6009157_1-wrap\">\r\n\t<label id=\"fld_6009157Label\" for=\"fld_6009157_1\" class=\"control-label screen-reader-text sr-only\">E-mailadres<\/label>\r\n\t<div class=\"\">\r\n\t\t<input placeholder=\"E-mailadres\"  required type=\"email\" data-field=\"fld_6009157\" class=\" form-control\" id=\"fld_6009157_1\" name=\"fld_6009157\" value=\"\" data-type=\"email\" aria-required=\"true\"   aria-labelledby=\"fld_6009157Label\" aria-describedby=\"fld_6009157Caption\" >\t\t<span id=\"fld_6009157Caption\" class=\"help-block\">E-mailadres<\/span>\r\n\t<\/div>\r\n<\/div>\r\n<\/div><div  class=\"col-sm-6  last_col\"><div data-field-wrapper=\"fld_3406161\" class=\"form-group\" id=\"fld_3406161_1-wrap\">\r\n\t<label id=\"fld_3406161Label\" for=\"fld_3406161_1\" class=\"control-label screen-reader-text sr-only\">Telefoonnummer<\/label>\r\n\t<div class=\"\">\r\n\t\t<input placeholder=\"Telefoonnummer\"  required type=\"number\" data-field=\"fld_3406161\" class=\" form-control\" id=\"fld_3406161_1\" name=\"fld_3406161\" value=\"\" data-type=\"number\" data-parsley-type=\"number\" aria-required=\"true\"   aria-labelledby=\"fld_3406161Label\" aria-describedby=\"fld_3406161Caption\" >\t\t<span id=\"fld_3406161Caption\" class=\"help-block\">Telefoonnummer<\/span>\r\n\t<\/div>\r\n<\/div>\r\n<\/div><\/div><div id=\"CF5f086a30f0fdc_1-row-4\"  class=\"row \"><div  class=\"col-sm-12  single\"><div data-field-wrapper=\"fld_7683514\" class=\"form-group\" id=\"fld_7683514_1-wrap\">\r\n\t<label id=\"fld_7683514Label\" for=\"fld_7683514_1\" class=\"control-label screen-reader-text sr-only\">Opmerkingen \/ Vragen<\/label>\r\n\t<div class=\"\">\r\n\t\t<textarea name=\"fld_7683514\" value=\"\" data-field=\"fld_7683514\" class=\"form-control\" id=\"fld_7683514_1\" rows=\"7\" placeholder=\"Opmerkingen \/ vragen\"  required=\"required\"  aria-labelledby=\"fld_7683514Label\" aria-describedby=\"fld_7683514Caption\" ><\/textarea>\n\t\t<span id=\"fld_7683514Caption\" class=\"help-block\">Opmerkingen \/ Vragen<\/span>\r\n\t<\/div>\r\n<\/div>\r\n<\/div><\/div><div id=\"CF5f086a30f0fdc_1-row-5\"  class=\"row  last_row\"><div  class=\"col-sm-12  single\"><div data-field-wrapper=\"fld_7908577\" class=\"form-group\" id=\"fld_7908577_1-wrap\">\r\n<div class=\"\">\r\n\t<input  class=\"btn btn-default\" type=\"submit\" name=\"fld_7908577\" id=\"fld_7908577_1\" value=\"Verstuur bericht\" data-field=\"fld_7908577\"  >\n<\/div>\r\n<\/div>\r\n\t<input class=\"button_trigger_1\" type=\"hidden\" name=\"fld_7908577\" id=\"fld_7908577_1_btn\" value=\"\" data-field=\"fld_7908577\"  \/>\n<\/div><\/div><\/form>\r\n<\/div>\r\n[\/et_pb_text][\/et_pb_column][\/et_pb_row][\/et_pb_section][et_pb_section fb_built=&#8220;1&#8243; admin_label=&#8220;Reservations&#8220; _builder_version=&#8220;4.4.8&#8243; use_background_color_gradient=&#8220;on&#8220; background_color_gradient_start=&#8220;#2f3a44&#8243; background_color_gradient_end=&#8220;rgba(38,46,53,0)&#8220; background_color_gradient_direction=&#8220;150deg&#8220; background_color_gradient_start_position=&#8220;25%&#8220; background_color_gradient_overlays_image=&#8220;on&#8220; background_image=&#8220;http:\/\/www.bedandbreakfastdecley.nl\/bbnl\/wp-content\/uploads\/2020\/06\/bed-breakfast-de-cley-bollenvelden.jpg&#8220; custom_padding=&#8220;140px|0px|119px|0px|false|false&#8220; saved_tabs=&#8220;all&#8220;][et_pb_row column_structure=&#8220;1_2,1_2&#8243; use_custom_gutter=&#8220;on&#8220; make_equal=&#8220;on&#8220; _builder_version=&#8220;3.25&#8243;][et_pb_column type=&#8220;1_2&#8243; _builder_version=&#8220;3.25&#8243; custom_padding=&#8220;|||&#8220; custom_padding__hover=&#8220;|||&#8220;][et_pb_text _builder_version=&#8220;4.4.8&#8243; text_font=&#8220;||||||||&#8220; text_font_size=&#8220;16px&#8220; text_line_height=&#8220;2em&#8220; header_font=&#8220;||||||||&#8220; header_2_font=&#8220;Raleway|700|||||||&#8220; header_2_font_size=&#8220;50px&#8220; header_2_line_height=&#8220;1.2em&#8220; background_layout=&#8220;dark&#8220; max_width_tablet=&#8220;&#8220; max_width_phone=&#8220;&#8220; max_width_last_edited=&#8220;on|desktop&#8220; header_2_font_size_tablet=&#8220;35px&#8220; header_2_font_size_phone=&#8220;25px&#8220; header_2_font_size_last_edited=&#8220;on|phone&#8220; locked=&#8220;off&#8220;]<\/p>\n<h6>Noordwijk auf stilvolle Weise erleben<\/h6>\n<h2>Buchen Sie Ihren Aufenthalt!<\/h2>\n<p>Malerische D\u00fcnen, weitl\u00e4ufige W\u00e4lder, farbenfrohe Blumenfelder und ein 13 Kilometer langer Sandstrand.<br \/> Der Hintergrund f\u00fcr entspannte Ausfl\u00fcge und einen wunderbaren Aufenthalt in unserem B&amp;B, in dem Sie herzlich willkommen sind!<\/p>\n<p>[\/et_pb_text][\/et_pb_column][et_pb_column type=&#8220;1_2&#8243; _builder_version=&#8220;3.25&#8243; custom_padding=&#8220;|||&#8220; custom_padding_tablet=&#8220;0px||0px||true&#8220; padding_tablet=&#8220;0px||0px||true&#8220; custom_padding__hover=&#8220;|||&#8220;][et_pb_button button_text=&#8220;Zimmer buchen&#8220; button_alignment=&#8220;right&#8220; _builder_version=&#8220;4.4.8&#8243; button_use_icon=&#8220;on&#8220; button_icon=&#8220;%%3%%&#8220; button_on_hover=&#8220;off&#8220; custom_padding=&#8220;17px|45px|17px|30px|true|false&#8220; hover_enabled=&#8220;0&#8243; button_border_radius_hover=&#8220;0px&#8220; locked=&#8220;off&#8220; button_text_size__hover_enabled=&#8220;off&#8220; button_one_text_size__hover_enabled=&#8220;off&#8220; button_two_text_size__hover_enabled=&#8220;off&#8220; button_text_color__hover_enabled=&#8220;on|hover&#8220; button_one_text_color__hover_enabled=&#8220;off&#8220; button_two_text_color__hover_enabled=&#8220;off&#8220; button_border_width__hover_enabled=&#8220;on|hover&#8220; button_one_border_width__hover_enabled=&#8220;off&#8220; button_two_border_width__hover_enabled=&#8220;off&#8220; button_border_color__hover_enabled=&#8220;on|hover&#8220; button_one_border_color__hover_enabled=&#8220;off&#8220; button_two_border_color__hover_enabled=&#8220;off&#8220; button_border_radius__hover_enabled=&#8220;off|desktop&#8220; button_border_radius__hover=&#8220;0px&#8220; button_one_border_radius__hover_enabled=&#8220;off&#8220; button_two_border_radius__hover_enabled=&#8220;off&#8220; button_letter_spacing__hover_enabled=&#8220;off&#8220; button_one_letter_spacing__hover_enabled=&#8220;off&#8220; button_two_letter_spacing__hover_enabled=&#8220;off&#8220; button_bg_color__hover_enabled=&#8220;on|desktop&#8220; button_one_bg_color__hover_enabled=&#8220;off&#8220; button_two_bg_color__hover_enabled=&#8220;off&#8220; button_bg_color__hover=&#8220;#333333&#8243; button_bg_enable_color__hover=&#8220;on&#8220; button_text_color__hover=&#8220;#ffffff&#8220; button_border_color__hover=&#8220;#333333&#8243; button_url=&#8220;http:\/\/www.bedandbreakfastdecley.nl\/bbnl\/de\/zimmer\/&#8220;][\/et_pb_button][\/et_pb_column][\/et_pb_row][\/et_pb_section]<\/p>\n","protected":false},"excerpt":{"rendered":"<p>[et_pb_section fb_built=&#8220;1&#8243; _builder_version=&#8220;4.4.8&#8243; background_color=&#8220;#383838&#8243; use_background_color_gradient=&#8220;on&#8220; background_color_gradient_start=&#8220;rgba(51,51,51,0.61)&#8220; background_color_gradient_end=&#8220;rgba(51,51,51,0)&#8220; background_color_gradient_direction=&#8220;90deg&#8220; background_color_gradient_overlays_image=&#8220;on&#8220; background_image=&#8220;http:\/\/www.bedandbreakfastdecley.nl\/bbnl\/wp-content\/uploads\/2020\/06\/bed-breakfast-de-cley-voorkant.jpg&#8220; background_position=&#8220;center_right&#8220; custom_padding=&#8220;0px|0px|20px|0px|false|false&#8220;][et_pb_row _builder_version=&#8220;3.25&#8243; custom_padding=&#8220;144px|0px|5px|0px|false|false&#8220;][et_pb_column type=&#8220;4_4&#8243; _builder_version=&#8220;3.25&#8243; custom_padding=&#8220;|||&#8220; custom_padding__hover=&#8220;|||&#8220;][et_pb_text _builder_version=&#8220;4.4.8&#8243; _dynamic_attributes=&#8220;content&#8220; text_font=&#8220;||||||||&#8220; header_font=&#8220;Raleway|700|||||||&#8220; header_text_color=&#8220;#ffffff&#8220; header_font_size=&#8220;80px&#8220; header_line_height=&#8220;1.2em&#8220; header_5_font=&#8220;Raleway|700||on|||||&#8220; header_5_text_color=&#8220;#c2b280&#8243; header_5_font_size=&#8220;20px&#8220; header_5_letter_spacing=&#8220;0.5em&#8220; header_5_line_height=&#8220;1.8em&#8220; custom_margin=&#8220;||0px||false|false&#8220; custom_padding=&#8220;||259px|||&#8220; animation_style=&#8220;zoom&#8220; animation_intensity_zoom=&#8220;5%&#8220; header_font_size_tablet=&#8220;48px&#8220; header_font_size_phone=&#8220;32px&#8220; header_font_size_last_edited=&#8220;on|phone&#8220; header_5_font_size_tablet=&#8220;14px&#8220; header_5_font_size_phone=&#8220;12px&#8220; header_5_font_size_last_edited=&#8220;on|desktop&#8220;]@ET-DC@eyJkeW5hbWljIjp0cnVlLCJjb250ZW50IjoicG9zdF90aXRsZSIsInNldHRpbmdzIjp7ImJlZm9yZSI6IjxoMT4iLCJhZnRlciI6IjwvaDE+In19@[\/et_pb_text][\/et_pb_column][\/et_pb_row][\/et_pb_section][et_pb_section fb_built=&#8220;1&#8243; _builder_version=&#8220;4.4.8&#8243;][et_pb_row column_structure=&#8220;1_3,1_3,1_3&#8243; use_custom_gutter=&#8220;on&#8220; gutter_width=&#8220;2&#8243; _builder_version=&#8220;3.25&#8243; custom_padding=&#8220;|0px||0px|false|false&#8220;][et_pb_column type=&#8220;1_3&#8243; _builder_version=&#8220;3.25&#8243; custom_padding=&#8220;|||&#8220; custom_padding__hover=&#8220;|||&#8220;][et_pb_blurb title=&#8220;Adresse&#8220; use_icon=&#8220;on&#8220; font_icon=&#8220;%%121%%&#8220; icon_placement=&#8220;left&#8220; [&hellip;]<\/p>\n","protected":false},"author":1,"featured_media":0,"parent":0,"menu_order":0,"comment_status":"closed","ping_status":"closed","template":"","meta":{"_et_pb_use_builder":"on","_et_pb_old_content":"","_et_gb_content_width":""},"_links":{"self":[{"href":"http:\/\/www.bedandbreakfastdecley.nl\/bbnl\/de\/wp-json\/wp\/v2\/pages\/243680"}],"collection":[{"href":"http:\/\/www.bedandbreakfastdecley.nl\/bbnl\/de\/wp-json\/wp\/v2\/pages"}],"about":[{"href":"http:\/\/www.bedandbreakfastdecley.nl\/bbnl\/de\/wp-json\/wp\/v2\/types\/page"}],"author":[{"embeddable":true,"href":"http:\/\/www.bedandbreakfastdecley.nl\/bbnl\/de\/wp-json\/wp\/v2\/users\/1"}],"replies":[{"embeddable":true,"href":"http:\/\/www.bedandbreakfastdecley.nl\/bbnl\/de\/wp-json\/wp\/v2\/comments?post=243680"}],"version-history":[{"count":0,"href":"http:\/\/www.bedandbreakfastdecley.nl\/bbnl\/de\/wp-json\/wp\/v2\/pages\/243680\/revisions"}],"wp:attachment":[{"href":"http:\/\/www.bedandbreakfastdecley.nl\/bbnl\/de\/wp-json\/wp\/v2\/media?parent=243680"}],"curies":[{"name":"wp","href":"https:\/\/api.w.org\/{rel}","templated":true}]}}