{"id":243700,"date":"2020-07-24T14:28:35","date_gmt":"2020-07-24T14:28:35","guid":{"rendered":"http:\/\/www.bedandbreakfastdecley.nl\/bbnl\/zimmer\/sjaak\/"},"modified":"2021-01-05T13:04:27","modified_gmt":"2021-01-05T13:04:27","slug":"sjaak","status":"publish","type":"page","link":"http:\/\/www.bedandbreakfastdecley.nl\/bbnl\/de\/zimmer\/sjaak\/","title":{"rendered":"Sjaak"},"content":{"rendered":"<p>[et_pb_section fb_built=&#8220;1&#8243; _builder_version=&#8220;3.23.3&#8243; background_color_gradient_direction=&#8220;90deg&#8220; custom_padding=&#8220;0|0px|0|0px|true|false&#8220; locked=&#8220;off&#8220;][et_pb_row column_structure=&#8220;1_2,1_2&#8243; use_custom_gutter=&#8220;on&#8220; gutter_width=&#8220;1&#8243; make_equal=&#8220;on&#8220; padding_top_bottom_link_2=&#8220;true&#8220; padding_left_right_link_2=&#8220;true&#8220; module_class=&#8220; et_pb_row_fullwidth&#8220; _builder_version=&#8220;4.4.8&#8243; width=&#8220;100%&#8220; width_tablet=&#8220;100%&#8220; width_phone=&#8220;&#8220; width_last_edited=&#8220;on|desktop&#8220; max_width=&#8220;100%&#8220; max_width_tablet=&#8220;100%&#8220; max_width_phone=&#8220;&#8220; max_width_last_edited=&#8220;on|desktop&#8220; custom_padding=&#8220;0|0px|0|0px|true|false&#8220; make_fullwidth=&#8220;on&#8220;][et_pb_column type=&#8220;1_2&#8243; _builder_version=&#8220;4.4.8&#8243; background_color=&#8220;#383838&#8243; background_image=&#8220;http:\/\/www.bedandbreakfastdecley.nl\/bbnl\/wp-content\/uploads\/2020\/06\/bed-breakfast-de-cley-kamer-sjaak.jpg&#8220; custom_padding=&#8220;|||&#8220; custom_padding__hover=&#8220;|||&#8220;][et_pb_divider show_divider=&#8220;off&#8220; disabled_on=&#8220;off|off|on&#8220; _builder_version=&#8220;3.23.3&#8243; custom_padding=&#8220;25%||25%||true&#8220;][\/et_pb_divider][\/et_pb_column][et_pb_column type=&#8220;1_2&#8243; _builder_version=&#8220;4.3.1&#8243; background_color=&#8220;#f7f7f7&#8243; custom_padding=&#8220;9%|7%|9%|7%&#8220; custom_padding__hover=&#8220;|||&#8220;][et_pb_text _builder_version=&#8220;4.4.5&#8243; _dynamic_attributes=&#8220;content&#8220; text_font=&#8220;|300|||||||&#8220; text_text_color=&#8220;#333333&#8243; text_line_height=&#8220;1.8em&#8220; header_font=&#8220;Raleway|700|||||||&#8220; header_font_size=&#8220;80px&#8220; header_line_height=&#8220;1.2em&#8220; header_5_font=&#8220;Raleway|700||on|||||&#8220; header_5_text_color=&#8220;#c2b280&#8243; header_5_font_size=&#8220;20px&#8220; header_5_letter_spacing=&#8220;0.5em&#8220; header_5_line_height=&#8220;1.8em&#8220; custom_padding=&#8220;|||&#8220; header_font_size_tablet=&#8220;48px&#8220; header_font_size_phone=&#8220;32px&#8220; header_font_size_last_edited=&#8220;on|phone&#8220; header_5_font_size_tablet=&#8220;14px&#8220; header_5_font_size_phone=&#8220;12px&#8220; header_5_font_size_last_edited=&#8220;on|desktop&#8220;]@ET-DC@eyJkeW5hbWljIjp0cnVlLCJjb250ZW50IjoicG9zdF90aXRsZSIsInNldHRpbmdzIjp7ImJlZm9yZSI6IjxoMT4iLCJhZnRlciI6IjwvaDE+In19@[\/et_pb_text][et_pb_divider color=&#8220;#333333&#8243; divider_weight=&#8220;3px&#8220; _builder_version=&#8220;4.4.8&#8243; width=&#8220;35%&#8220;][\/et_pb_divider][et_pb_text _builder_version=&#8220;4.4.8&#8243; text_font=&#8220;|600|||||||&#8220; text_text_color=&#8220;#333333&#8243; text_font_size=&#8220;25px&#8220; text_line_height=&#8220;1.8em&#8220; header_font=&#8220;Raleway|700|||||||&#8220; header_font_size=&#8220;80px&#8220; header_line_height=&#8220;1.2em&#8220; header_5_font=&#8220;Raleway|700||on|||||&#8220; header_5_text_color=&#8220;#c2b280&#8243; header_5_font_size=&#8220;20px&#8220; header_5_letter_spacing=&#8220;0.5em&#8220; header_5_line_height=&#8220;1.8em&#8220; custom_padding=&#8220;|||&#8220; header_font_size_tablet=&#8220;48px&#8220; header_font_size_phone=&#8220;32px&#8220; header_font_size_last_edited=&#8220;on|phone&#8220; header_5_font_size_tablet=&#8220;14px&#8220; header_5_font_size_phone=&#8220;12px&#8220; header_5_font_size_last_edited=&#8220;on|desktop&#8220;]<\/p>\n<p>1966<\/p>\n<p>[\/et_pb_text][et_pb_button button_url=&#8220;#boeken-sectie&#8220; button_text=&#8220;Dieses Zimmer buchen&#8220; _builder_version=&#8220;4.7.7&#8243; hover_enabled=&#8220;0&#8243; button_bg_color__hover_enabled=&#8220;on|desktop&#8220; button_bg_color__hover=&#8220;#333333&#8243; button_letter_spacing__hover_enabled=&#8220;off|hover&#8220; button_letter_spacing__hover=&#8220;2px&#8220; button_border_color__hover_enabled=&#8220;on|desktop&#8220; button_border_color__hover=&#8220;#333333&#8243; button_text_color__hover_enabled=&#8220;on|hover&#8220; button_text_color__hover=&#8220;#ffffff&#8220; sticky_enabled=&#8220;0&#8243;][\/et_pb_button][\/et_pb_column][\/et_pb_row][\/et_pb_section][et_pb_section fb_built=&#8220;1&#8243; _builder_version=&#8220;4.4.5&#8243; custom_margin=&#8220;10px||0px||false|false&#8220; custom_padding=&#8220;0px||0px||true|false&#8220; saved_tabs=&#8220;all&#8220;][et_pb_row _builder_version=&#8220;4.4.5&#8243; custom_margin=&#8220;0px||0px||true|false&#8220; custom_padding=&#8220;0px||0px||true|false&#8220;][et_pb_column type=&#8220;4_4&#8243; _builder_version=&#8220;4.4.5&#8243;][et_pb_text _builder_version=&#8220;4.4.5&#8243; custom_margin=&#8220;0px||0px||true|false&#8220; custom_padding=&#8220;0px||0px||true|false&#8220;]<nav aria-label=\"breadcrumbs\" class=\"rank-math-breadcrumb\"><p><span class=\"last\">Home<\/span><\/p><\/nav><!-- wpml:html_fragment <\/p>\n\n -->[\/et_pb_text][\/et_pb_column][\/et_pb_row][\/et_pb_section][et_pb_section fb_built=&#8220;1&#8243; admin_label=&#8220;Room Details&#8220; _builder_version=&#8220;3.22&#8243;][et_pb_row column_structure=&#8220;3_5,2_5&#8243; _builder_version=&#8220;3.25&#8243;][et_pb_column type=&#8220;3_5&#8243; _builder_version=&#8220;3.25&#8243; custom_padding=&#8220;|||&#8220; custom_padding__hover=&#8220;|||&#8220;][et_pb_text _builder_version=&#8220;4.4.5&#8243; text_font=&#8220;||||||||&#8220; text_font_size=&#8220;16px&#8220; text_line_height=&#8220;2em&#8220; header_font=&#8220;||||||||&#8220; header_2_font=&#8220;Raleway|700|||||||&#8220; header_2_font_size=&#8220;50px&#8220; header_2_line_height=&#8220;1.2em&#8220; header_6_font=&#8220;Raleway|700||on|||||&#8220; header_6_line_height=&#8220;1.2em&#8220; max_width=&#8220;700px&#8220; max_width_last_edited=&#8220;off|desktop&#8220; header_2_font_size_tablet=&#8220;35px&#8220; header_2_font_size_phone=&#8220;25px&#8220; header_2_font_size_last_edited=&#8220;on|phone&#8220;]Diese ger\u00e4umige Suite (60m\u00b2) im 1.Stock ist mit einem wunderbaren Kingsize Swiss-Sense-Bett ausgestattet.<br \/>\nDas luxuri\u00f6se Badezimmer ist mit einer ebenerdigen barrierefreien Dusche, einer freistehenden Badewanne und weitere gro\u00dfz\u00fcgiger Ausstattung versehen.<br \/>\nEin gro\u00dfes Panoramafenster erlaubt Ihnen einen Blick \u00fcber die Blumenfelder.<br \/>\nDas Zimmer verf\u00fcgt \u00fcber einen K\u00fchlschrank und einen Flachbildfernseher.[\/et_pb_text][\/et_pb_column][et_pb_column type=&#8220;2_5&#8243; _builder_version=&#8220;3.25&#8243; custom_padding=&#8220;|||&#8220; custom_padding__hover=&#8220;|||&#8220;][et_pb_text _builder_version=&#8220;4.4.5&#8243; header_4_font=&#8220;Raleway|700|||||||&#8220; header_4_font_size=&#8220;20px&#8220; header_4_line_height=&#8220;1.4em&#8220; custom_margin=&#8220;0px||0px||true|false&#8220; custom_padding=&#8220;0px||0px||true|false&#8220;]<\/p>\n<h4>Die beliebtesten Einrichtungen<\/h4>\n<p>[\/et_pb_text][et_pb_blurb use_icon=&#8220;on&#8220; font_icon=&#8220;%%1991%%&#8220; icon_placement=&#8220;left&#8220; use_icon_font_size=&#8220;on&#8220; icon_font_size=&#8220;18px&#8220; _builder_version=&#8220;4.4.8&#8243; body_text_color=&#8220;#333333&#8243; custom_margin=&#8220;0px||1px||false|false&#8220; custom_padding=&#8220;0px||0px||true|false&#8220;]<\/p>\n<p>Kostenloses WLAN<\/p>\n<p>[\/et_pb_blurb][et_pb_blurb use_icon=&#8220;on&#8220; font_icon=&#8220;%%2517%%&#8220; icon_placement=&#8220;left&#8220; use_icon_font_size=&#8220;on&#8220; icon_font_size=&#8220;18px&#8220; _builder_version=&#8220;4.4.5&#8243; body_text_color=&#8220;#333333&#8243; custom_margin=&#8220;0px||1px||false|false&#8220; custom_padding=&#8220;0px||0px||true|false&#8220;]<\/p>\n<p>Kostenloses Parken<\/p>\n<p>[\/et_pb_blurb][et_pb_blurb use_icon=&#8220;on&#8220; font_icon=&#8220;%%2800%%&#8220; icon_placement=&#8220;left&#8220; use_icon_font_size=&#8220;on&#8220; icon_font_size=&#8220;18px&#8220; _builder_version=&#8220;4.4.5&#8243; body_text_color=&#8220;#333333&#8243; custom_margin=&#8220;0px||1px||false|false&#8220; custom_padding=&#8220;0px||0px||true|false&#8220;]<\/p>\n<p>Rauchfreies Zimmer<\/p>\n<p>[\/et_pb_blurb][et_pb_blurb use_icon=&#8220;on&#8220; font_icon=&#8220;%%823%%&#8220; icon_placement=&#8220;left&#8220; use_icon_font_size=&#8220;on&#8220; icon_font_size=&#8220;18px&#8220; _builder_version=&#8220;4.4.5&#8243; body_text_color=&#8220;#333333&#8243; custom_margin=&#8220;0px||1px||false|false&#8220; custom_padding=&#8220;0px||0px||true|false&#8220;]<\/p>\n<p>T\u00e4gliche Reinigung<\/p>\n<p>[\/et_pb_blurb][et_pb_blurb use_icon=&#8220;on&#8220; font_icon=&#8220;%%1123%%&#8220; icon_placement=&#8220;left&#8220; use_icon_font_size=&#8220;on&#8220; icon_font_size=&#8220;18px&#8220; _builder_version=&#8220;4.4.5&#8243; body_text_color=&#8220;#333333&#8243; custom_margin=&#8220;0px||1px||false|false&#8220; custom_padding=&#8220;0px||0px||true|false&#8220;]<\/p>\n<p>Panoramablick<\/p>\n<p>[\/et_pb_blurb][et_pb_blurb use_icon=&#8220;on&#8220; font_icon=&#8220;%%1905%%&#8220; icon_placement=&#8220;left&#8220; use_icon_font_size=&#8220;on&#8220; icon_font_size=&#8220;18px&#8220; _builder_version=&#8220;4.4.5&#8243; body_text_color=&#8220;#333333&#8243; custom_margin=&#8220;0px||1px||false|false&#8220; custom_padding=&#8220;0px||0px||true|false&#8220;]<\/p>\n<p>Fernseher<\/p>\n<p>[\/et_pb_blurb][et_pb_blurb use_icon=&#8220;on&#8220; font_icon=&#8220;%%2506%%&#8220; icon_placement=&#8220;left&#8220; use_icon_font_size=&#8220;on&#8220; icon_font_size=&#8220;18px&#8220; _builder_version=&#8220;4.4.5&#8243; body_text_color=&#8220;#333333&#8243; custom_margin=&#8220;0px||1px||false|false&#8220; custom_padding=&#8220;0px||0px||true|false&#8220;]<\/p>\n<p>K\u00fchlschrank<\/p>\n<p>[\/et_pb_blurb][et_pb_blurb use_icon=&#8220;on&#8220; font_icon=&#8220;%%817%%&#8220; icon_placement=&#8220;left&#8220; use_icon_font_size=&#8220;on&#8220; icon_font_size=&#8220;18px&#8220; _builder_version=&#8220;4.4.5&#8243; body_text_color=&#8220;#333333&#8243; custom_margin=&#8220;0px||1px||false|false&#8220; custom_padding=&#8220;0px||0px||true|false&#8220;]<\/p>\n<p>Badewanne<\/p>\n<p>[\/et_pb_blurb][\/et_pb_column][\/et_pb_row][et_pb_row _builder_version=&#8220;3.25&#8243; custom_padding=&#8220;50px|||||&#8220; locked=&#8220;off&#8220;][et_pb_column type=&#8220;4_4&#8243; _builder_version=&#8220;3.25&#8243; custom_padding=&#8220;|||&#8220; custom_padding__hover=&#8220;|||&#8220;][wdc_image_carousel slide_count=&#8220;1&#8243; arrow_color=&#8220;#c2b280&#8243; arrow_bg=&#8220;#333333&#8243; arrow_border_color=&#8220;#333333&#8243; icon_left=&#8220;%%2%%&#8220; icon_right=&#8220;%%3%%&#8220; _builder_version=&#8220;4.4.8&#8243; _i=&#8220;0&#8243; _address=&#8220;2.1.0.0&#8243; \/][\/et_pb_column][\/et_pb_row][\/et_pb_section][et_pb_section fb_built=&#8220;1&#8243; module_id=&#8220;boeken-sectie&#8220; module_class=&#8220;mphb-sectie&#8220; _builder_version=&#8220;4.7.7&#8243; background_color=&#8220;#f7f7f7&#8243;][et_pb_row make_equal=&#8220;on&#8220; _builder_version=&#8220;4.4.8&#8243;][et_pb_column type=&#8220;4_4&#8243; _builder_version=&#8220;4.4.8&#8243;][et_pb_text _builder_version=&#8220;4.7.7&#8243;]<\/p>\n<h2>Zimmer buchen Schuit<\/h2>\n<p>Wann m\u00f6chten Sie im B&amp;B De Cley \u00fcbernachten?<\/p>\n<p>[\/et_pb_text][mphb-divi-booking-form id=&#8220;244064&#8243; form_style=&#8220;horizontal&#8220; _builder_version=&#8220;4.7.7&#8243; _module_preset=&#8220;default&#8220; hover_enabled=&#8220;0&#8243; sticky_enabled=&#8220;0&#8243;][\/mphb-divi-booking-form][\/et_pb_column][\/et_pb_row][et_pb_row _builder_version=&#8220;4.4.8&#8243;][et_pb_column type=&#8220;4_4&#8243; _builder_version=&#8220;4.4.8&#8243;][et_pb_text _builder_version=&#8220;4.7.7&#8243; link_font=&#8220;|700|||on||||&#8220;]<\/p>\n<p>Ist dieses Zimmer zum gew\u00fcnschten Termin nicht verf\u00fcgbar?<\/p>\n<p>[\/et_pb_text][et_pb_button button_url=&#8220;\/de\/platz-finden\/&#8220; button_text=&#8220;Ein freies Zimmer finden&#8220; _builder_version=&#8220;4.7.7&#8243; button_text_color=&#8220;#c2b280&#8243; button_bg_color=&#8220;rgba(194,178,128,0)&#8220; button_border_width=&#8220;0px&#8220; button_font=&#8220;|700|||on||||&#8220; button_use_icon=&#8220;on&#8220; button_icon=&#8220;%%3%%&#8220; button_on_hover=&#8220;off&#8220; custom_margin=&#8220;-30px||||false|false&#8220; custom_padding=&#8220;10px|13px|10px|0px|false|false&#8220; custom_css_after=&#8220;left: 10px;&#8220; locked=&#8220;off&#8220; button_text_color__hover_enabled=&#8220;off|desktop&#8220; button_text_color__hover=&#8220;#333333&#8243; button_bg_color__hover_enabled=&#8220;off|desktop&#8220; button_border_color__hover_enabled=&#8220;off|desktop&#8220; custom_padding__hover_enabled=&#8220;off|hover&#8220; custom_padding__hover=&#8220;|20px|||false|false&#8220; custom_css_after__hover_enabled=&#8220;off|hover&#8220;][\/et_pb_button][\/et_pb_column][\/et_pb_row][\/et_pb_section][et_pb_section fb_built=&#8220;1&#8243; module_id=&#8220;buchung&#8220; _builder_version=&#8220;4.7.7&#8243; background_color=&#8220;#f7f7f7&#8243; hover_enabled=&#8220;0&#8243; module_class=&#8220;bbsite-sectie&#8220; sticky_enabled=&#8220;0&#8243;][et_pb_row column_structure=&#8220;1_2,1_2&#8243; make_equal=&#8220;on&#8220; disabled_on=&#8220;off|off|off&#8220; module_class=&#8220;mhb-boeken-sectie&#8220; _builder_version=&#8220;4.4.8&#8243;][et_pb_column type=&#8220;1_2&#8243; _builder_version=&#8220;4.4.8&#8243;][et_pb_text _builder_version=&#8220;4.4.8&#8243;]<\/p>\n<h2>Verf\u00fcgbarkeit Zimmer Sjaak<\/h2>\n<p>Hier k\u00f6nnen Sie sehen, ob das Zimmer an den gew\u00fcnschten Reisetagen noch verf\u00fcgbar ist. <\/p>\n<p>[\/et_pb_text][et_pb_text _builder_version=&#8220;4.4.8&#8243;][mphb_availability_calendar id=&#8220;244064&#8243; monthstoshow=&#8220;2&#8243;][\/et_pb_text][\/et_pb_column][et_pb_column type=&#8220;1_2&#8243; _builder_version=&#8220;4.4.8&#8243;][et_pb_text _builder_version=&#8220;4.4.8&#8243;]<\/p>\n<h2>Dieses Zimmer buchen<\/h2>\n<p>Geben Sie die gew\u00fcnschten Daten an. Hinweis: Links k\u00f6nnen Sie sehen, wann das Zimmer frei ist.<\/p>\n<p>[\/et_pb_text][et_pb_text _builder_version=&#8220;4.4.8&#8243; custom_margin=&#8220;-18px||||false|false&#8220; custom_padding=&#8220;0px||0px||true|false&#8220;][mphb_availability id=&#8220;244064&#8243;][\/et_pb_text][\/et_pb_column][\/et_pb_row][et_pb_row disabled_on=&#8220;off|off|off&#8220; module_class=&#8220;mhb-boeken-sectie&#8220; _builder_version=&#8220;4.4.8&#8243; disabled=&#8220;on&#8220;][et_pb_column type=&#8220;4_4&#8243; _builder_version=&#8220;4.4.8&#8243;][et_pb_text _builder_version=&#8220;4.4.8&#8243; link_font=&#8220;|700|||on||||&#8220;]Ist das Zimmer am gew\u00fcnschten Termin nicht mehr verf\u00fcgbar?[\/et_pb_text][et_pb_button button_url=&#8220;http:\/\/www.bedandbreakfastdecley.nl\/bbnl\/de\/platz-finden\/&#8220; button_text=&#8220;Finden Sie ein freies Zimmer&#8220; _builder_version=&#8220;4.4.8&#8243; button_text_color=&#8220;#c2b280&#8243; button_bg_color=&#8220;rgba(194,178,128,0)&#8220; button_border_width=&#8220;0px&#8220; button_font=&#8220;|700|||on||||&#8220; button_use_icon=&#8220;on&#8220; button_icon=&#8220;%%3%%&#8220; button_on_hover=&#8220;off&#8220; custom_margin=&#8220;-30px||||false|false&#8220; custom_padding=&#8220;10px|13px|10px|0px|false|false&#8220; custom_css_after=&#8220;left: 10px;&#8220; button_text_color__hover_enabled=&#8220;off|desktop&#8220; button_text_color__hover=&#8220;#333333&#8243; button_bg_color__hover_enabled=&#8220;off|desktop&#8220; button_border_color__hover_enabled=&#8220;off|desktop&#8220; custom_padding__hover_enabled=&#8220;off|hover&#8220; custom_padding__hover=&#8220;|20px|||false|false&#8220; custom_css_after__hover_enabled=&#8220;off|hover&#8220;][\/et_pb_button][\/et_pb_column][\/et_pb_row][et_pb_row module_class=&#8220;bb-module&#8220; _builder_version=&#8220;4.4.8&#8243;][et_pb_column type=&#8220;4_4&#8243; _builder_version=&#8220;4.4.8&#8243;][et_pb_text _builder_version=&#8220;4.4.8&#8243;]<iframe src=\"https:\/\/www.bedandbreakfast.nl\/ibook\/v2\/75219\/de\/black\/transparent\" width=\"100%\" height=\"780\" frameborder=\"0\" allowtransparency=\"true\"><\/iframe>[\/et_pb_text][\/et_pb_column][\/et_pb_row][\/et_pb_section][et_pb_section fb_built=&#8220;1&#8243; admin_label=&#8220;Blog&#8220; module_class=&#8220;recenties&#8220; _builder_version=&#8220;4.4.8&#8243; use_background_color_gradient=&#8220;on&#8220; background_color_gradient_start=&#8220;#2f3a44&#8243; background_color_gradient_end=&#8220;rgba(47,58,68,0.68)&#8220; background_color_gradient_direction=&#8220;150deg&#8220; background_color_gradient_start_position=&#8220;25%&#8220; background_color_gradient_overlays_image=&#8220;on&#8220; background_image=&#8220;http:\/\/www.bedandbreakfastdecley.nl\/bbnl\/wp-content\/uploads\/2020\/06\/bed-breakfast-de-cley-achtertuin.jpg&#8220; saved_tabs=&#8220;all&#8220;][et_pb_row _builder_version=&#8220;3.25&#8243; locked=&#8220;off&#8220;][et_pb_column type=&#8220;4_4&#8243; _builder_version=&#8220;3.25&#8243; custom_padding=&#8220;|||&#8220; custom_padding__hover=&#8220;|||&#8220;][et_pb_text _builder_version=&#8220;4.0.7&#8243; text_font=&#8220;||||||||&#8220; text_font_size=&#8220;16px&#8220; text_line_height=&#8220;2em&#8220; ul_font=&#8220;||||||||&#8220; ol_font=&#8220;||||||||&#8220; header_font=&#8220;||||||||&#8220; header_2_font=&#8220;Raleway|700|||||||&#8220; header_2_font_size=&#8220;50px&#8220; header_2_line_height=&#8220;1.2em&#8220; header_3_font=&#8220;||||||||&#8220; header_4_font=&#8220;||||||||&#8220; header_5_font=&#8220;||||||||&#8220; background_layout=&#8220;dark&#8220; max_width=&#8220;800px&#8220; header_2_font_size_tablet=&#8220;35px&#8220; header_2_font_size_phone=&#8220;25px&#8220; header_2_font_size_last_edited=&#8220;on|phone&#8220;]<\/p>\n<h6>Kundenmeinungen<\/h6>\n<h2>Dies sagen unsere G\u00e4ste<\/h2>\n<p>[\/et_pb_text][\/et_pb_column][\/et_pb_row][et_pb_row _builder_version=&#8220;3.25&#8243;][et_pb_column type=&#8220;4_4&#8243; _builder_version=&#8220;3.25&#8243; custom_padding=&#8220;|||&#8220; custom_padding__hover=&#8220;|||&#8220;][et_pb_testify include_categories=&#8220;26,22,25,23,24&#8243; navigation_type=&#8220;none&#8220; nav_arrows=&#8220;on&#8220; qmark=&#8220;off&#8220; show_separator=&#8220;on&#8220; separator_color=&#8220;#ffffff&#8220; show_testimonial_image=&#8220;off&#8220; transition_type=&#8220;slide&#8220; module_class=&#8220;recensies&#8220; _builder_version=&#8220;4.4.8&#8243; body_font=&#8220;Open Sans||||||||&#8220; body_text_color=&#8220;#ffffff&#8220; body_font_size=&#8220;18px&#8220; name_font=&#8220;Open Sans|700|||||||&#8220; name_text_color=&#8220;#ffffff&#8220; _i=&#8220;0&#8243; _address=&#8220;4.1.0.0&#8243; \/][\/et_pb_column][\/et_pb_row][\/et_pb_section]<\/p>\n","protected":false},"excerpt":{"rendered":"<p>[et_pb_section fb_built=&#8220;1&#8243; _builder_version=&#8220;3.23.3&#8243; background_color_gradient_direction=&#8220;90deg&#8220; custom_padding=&#8220;0|0px|0|0px|true|false&#8220; locked=&#8220;off&#8220;][et_pb_row column_structure=&#8220;1_2,1_2&#8243; use_custom_gutter=&#8220;on&#8220; gutter_width=&#8220;1&#8243; make_equal=&#8220;on&#8220; padding_top_bottom_link_2=&#8220;true&#8220; padding_left_right_link_2=&#8220;true&#8220; module_class=&#8220; et_pb_row_fullwidth&#8220; _builder_version=&#8220;4.4.8&#8243; width=&#8220;100%&#8220; width_tablet=&#8220;100%&#8220; width_phone=&#8220;&#8220; width_last_edited=&#8220;on|desktop&#8220; max_width=&#8220;100%&#8220; max_width_tablet=&#8220;100%&#8220; max_width_phone=&#8220;&#8220; max_width_last_edited=&#8220;on|desktop&#8220; custom_padding=&#8220;0|0px|0|0px|true|false&#8220; make_fullwidth=&#8220;on&#8220;][et_pb_column type=&#8220;1_2&#8243; _builder_version=&#8220;4.4.8&#8243; background_color=&#8220;#383838&#8243; background_image=&#8220;http:\/\/www.bedandbreakfastdecley.nl\/bbnl\/wp-content\/uploads\/2020\/06\/bed-breakfast-de-cley-kamer-sjaak.jpg&#8220; custom_padding=&#8220;|||&#8220; custom_padding__hover=&#8220;|||&#8220;][et_pb_divider show_divider=&#8220;off&#8220; disabled_on=&#8220;off|off|on&#8220; _builder_version=&#8220;3.23.3&#8243; custom_padding=&#8220;25%||25%||true&#8220;][\/et_pb_divider][\/et_pb_column][et_pb_column type=&#8220;1_2&#8243; _builder_version=&#8220;4.3.1&#8243; background_color=&#8220;#f7f7f7&#8243; custom_padding=&#8220;9%|7%|9%|7%&#8220; custom_padding__hover=&#8220;|||&#8220;][et_pb_text _builder_version=&#8220;4.4.5&#8243; _dynamic_attributes=&#8220;content&#8220; text_font=&#8220;|300|||||||&#8220; text_text_color=&#8220;#333333&#8243; text_line_height=&#8220;1.8em&#8220; header_font=&#8220;Raleway|700|||||||&#8220; header_font_size=&#8220;80px&#8220; header_line_height=&#8220;1.2em&#8220; header_5_font=&#8220;Raleway|700||on|||||&#8220; header_5_text_color=&#8220;#c2b280&#8243; header_5_font_size=&#8220;20px&#8220; header_5_letter_spacing=&#8220;0.5em&#8220; header_5_line_height=&#8220;1.8em&#8220; custom_padding=&#8220;|||&#8220; header_font_size_tablet=&#8220;48px&#8220; [&hellip;]<\/p>\n","protected":false},"author":1,"featured_media":0,"parent":243674,"menu_order":0,"comment_status":"closed","ping_status":"closed","template":"","meta":{"_et_pb_use_builder":"on","_et_pb_old_content":"","_et_gb_content_width":""},"_links":{"self":[{"href":"http:\/\/www.bedandbreakfastdecley.nl\/bbnl\/de\/wp-json\/wp\/v2\/pages\/243700"}],"collection":[{"href":"http:\/\/www.bedandbreakfastdecley.nl\/bbnl\/de\/wp-json\/wp\/v2\/pages"}],"about":[{"href":"http:\/\/www.bedandbreakfastdecley.nl\/bbnl\/de\/wp-json\/wp\/v2\/types\/page"}],"author":[{"embeddable":true,"href":"http:\/\/www.bedandbreakfastdecley.nl\/bbnl\/de\/wp-json\/wp\/v2\/users\/1"}],"replies":[{"embeddable":true,"href":"http:\/\/www.bedandbreakfastdecley.nl\/bbnl\/de\/wp-json\/wp\/v2\/comments?post=243700"}],"version-history":[{"count":0,"href":"http:\/\/www.bedandbreakfastdecley.nl\/bbnl\/de\/wp-json\/wp\/v2\/pages\/243700\/revisions"}],"up":[{"embeddable":true,"href":"http:\/\/www.bedandbreakfastdecley.nl\/bbnl\/de\/wp-json\/wp\/v2\/pages\/243674"}],"wp:attachment":[{"href":"http:\/\/www.bedandbreakfastdecley.nl\/bbnl\/de\/wp-json\/wp\/v2\/media?parent=243700"}],"curies":[{"name":"wp","href":"https:\/\/api.w.org\/{rel}","templated":true}]}}